{"id":271,"date":"2014-06-18T09:03:45","date_gmt":"2014-06-18T09:03:45","guid":{"rendered":"https:\/\/bodenreise.ch\/?page_id=271"},"modified":"2014-08-28T09:16:46","modified_gmt":"2014-08-28T09:16:46","slug":"italiano-spedizione-sotto-terra-con-viaggi-esplorativi","status":"publish","type":"page","link":"https:\/\/www.bodenreise.ch\/it\/italiano-spedizione-sotto-terra-con-viaggi-esplorativi\/","title":{"rendered":"Spedizione sotto terra con viaggi esplorativi"},"content":{"rendered":"<p>\u00c8 anche possibile iniziare questa spedizione sotto terra con uno o pi\u00f9 viaggi esplorativi. Ogni viaggio \u00e8 dedicato a un aspetto fondamentale della pedologia e gli alunni vengono condotti lungo un percorso che li porter\u00e0 a raggiungere due o tre stazioni. Di volta in volta gli alunni hanno a disposizione un diario di bordo che deve essere precedentemente stampato e pu\u00f2 essere compilato a penna. Il diario contiene una descrizione molto utile dell\u2019itinerario e tre diversi compiti che devono essere svolti in ogni stazione. Questi compiti sviluppano non solo lo spirito di osservazione, ma anche la capacit\u00e0 di comprensione.<\/p>\n<h2>Viaggio di esplorazione 1 &#8211; \u00abLa vita nel suolo\u00bb<\/h2>\n<p>Il viaggio di esplorazione \u00abLa vita nel suolo\u00bb \u00e8 dedicata alle numerose<br \/>\ncreature che popolano il suolo. Gli alunni imparano che,<br \/>\noltre agli animali del suolo, anche i funghi e i batteri svolgono<br \/>\ncompiti molto importanti.<\/p>\n<ul>\n<li><a href=\"\/wp-content\/uploads\/2014\/08\/Bafu_Mission01_IT_ohneLoesung.pdf\" target=\"_blank\">Diario di bordo per il viaggio di esplorazione \u00abLa vita nel suolo\u00bb, senza soluzioni (pdf)<\/a><\/li>\n<li><a href=\"\/wp-content\/uploads\/2014\/08\/Bafu_Mission01_IT_mitLoesung.pdf\" target=\"_blank\">Diario di bordo per il viaggio di esplorazione \u00abLa vita nel suolo\u00bb, con soluzioni (pdf)<\/a><\/li>\n<\/ul>\n<h2>Viaggio di esplorazione 2 &#8211; \u00abLa formazione del suolo\u00bb<\/h2>\n<p>Il viaggio di esplorazione \u00abLa formazione del suolo\u00bb presenta i processi<br \/>\nche si svolgono durante la formazione del suolo.<br \/>\nQuesto viaggio \u00e8 dedicato anche ai diversi strati che compongono il suolo,<br \/>\nnonch\u00e9 all\u2019influenza degli animali che vi vivono e delle condizioni<br \/>\nmeteorologiche.<\/p>\n<ul>\n<li><a href=\"\/wp-content\/uploads\/2014\/08\/Bafu_Mission02_IT_ohneLoesung.pdf\" target=\"_blank\">Diario di bordo per il viaggio di esplorazione \u00abLa formazione del suolo\u00bb, senza soluzioni (pdf)<\/a><\/li>\n<li><a href=\"\/wp-content\/uploads\/2014\/08\/Bafu_Mission02_IT_mitLoesung.pdf\" target=\"_blank\">Diario di bordo per il viaggio di esplorazione \u00abLa formazione del suolo\u00bb, con soluzioni (pdf)<\/a><\/li>\n<\/ul>\n<h2>Viaggio di esplorazione 3 &#8211; \u00abI ruoli del suolo\u00bb<\/h2>\n<p>Nel viaggio di esplorazione \u00abI ruoli del suolo\u00bb, gli alunni imparano<br \/>\nl\u2019importanza del suolo per le piante, gli animali e gli esseri umani.<br \/>\nInoltre, apprendono ulteriori nozioni sul ruolo dell\u2019acqua nel suolo.<br \/>\nQuesto viaggio ha inoltre lo scopo di rafforzare l\u2019idea che un utilizzo<br \/>\nresponsabile dei suoli rappresenta un compito importante per ogni essere<br \/>\numano.<\/p>\n<ul>\n<li><a href=\"\/wp-content\/uploads\/2014\/08\/Bafu_Mission03_IT_ohneLoesung.pdf\" target=\"_blank\">Diario di bordo per il viaggio di esplorazione \u00abI ruoli del suolo\u00bb, senza soluzioni (pdf)<\/a><\/li>\n<li><a href=\"\/wp-content\/uploads\/2014\/08\/Bafu_Mission03_IT_mitLoesung.pdf\" target=\"_blank\">Diario di bordo per il viaggio di esplorazione \u00abI ruoli del suolo\u00bb, con soluzioni (pdf)<\/a><\/li>\n<\/ul>\n<p><\/p>","protected":false},"excerpt":{"rendered":"<p>\u00c8 anche possibile iniziare questa spedizione sotto terra con uno <a href=\"https:\/\/www.bodenreise.ch\/it\/italiano-spedizione-sotto-terra-con-viaggi-esplorativi\/\" class=\"more-link\">&#8230;<span class=\"screen-reader-text\">  Spedizione sotto terra con viaggi esplorativi<\/span><\/a><\/p>\n","protected":false},"author":2,"featured_media":0,"parent":0,"menu_order":0,"comment_status":"closed","ping_status":"open","template":"","meta":{"footnotes":""},"class_list":["post-271","page","type-page","status-publish","hentry"],"_links":{"self":[{"href":"https:\/\/www.bodenreise.ch\/it\/wp-json\/wp\/v2\/pages\/271","targetHints":{"allow":["GET"]}}],"collection":[{"href":"https:\/\/www.bodenreise.ch\/it\/wp-json\/wp\/v2\/pages"}],"about":[{"href":"https:\/\/www.bodenreise.ch\/it\/wp-json\/wp\/v2\/types\/page"}],"author":[{"embeddable":true,"href":"https:\/\/www.bodenreise.ch\/it\/wp-json\/wp\/v2\/users\/2"}],"replies":[{"embeddable":true,"href":"https:\/\/www.bodenreise.ch\/it\/wp-json\/wp\/v2\/comments?post=271"}],"version-history":[{"count":15,"href":"https:\/\/www.bodenreise.ch\/it\/wp-json\/wp\/v2\/pages\/271\/revisions"}],"predecessor-version":[{"id":476,"href":"https:\/\/www.bodenreise.ch\/it\/wp-json\/wp\/v2\/pages\/271\/revisions\/476"}],"wp:attachment":[{"href":"https:\/\/www.bodenreise.ch\/it\/wp-json\/wp\/v2\/media?parent=271"}],"curies":[{"name":"wp","href":"https:\/\/api.w.org\/{rel}","templated":true}]}}